{"id":3530,"date":"2025-12-25T20:46:50","date_gmt":"2025-12-25T19:46:50","guid":{"rendered":"https:\/\/peru-oryx-757525.hostingersite.com\/?page_id=3530"},"modified":"2025-12-26T19:10:42","modified_gmt":"2025-12-26T18:10:42","slug":"faq","status":"publish","type":"page","link":"https:\/\/leschambresdelumiere.fr\/en\/faq\/","title":{"rendered":"FAQs"},"content":{"rendered":"<div data-elementor-type=\"wp-page\" data-elementor-id=\"3530\" class=\"elementor elementor-3530\" data-elementor-post-type=\"page\">\n\t\t\t\t<div class=\"elementor-element elementor-element-7c782d1 e-flex e-con-boxed e-con e-parent\" data-id=\"7c782d1\" data-element_type=\"container\" data-settings=\"{&quot;background_background&quot;:&quot;classic&quot;}\">\n\t\t\t\t\t<div class=\"e-con-inner\">\n\t\t\t\t<div class=\"elementor-element elementor-element-10a013e elementor-widget elementor-widget-heading\" data-id=\"10a013e\" data-element_type=\"widget\" data-widget_type=\"heading.default\">\n\t\t\t\t<div class=\"elementor-widget-container\">\n\t\t\t\t\t<h2 class=\"elementor-heading-title elementor-size-default\">Frequently Asked Questions<\/h2>\t\t\t\t<\/div>\n\t\t\t\t<\/div>\n\t\t\t\t<div class=\"elementor-element elementor-element-253271e elementor-icon-list--layout-traditional elementor-list-item-link-full_width elementor-widget elementor-widget-icon-list\" data-id=\"253271e\" data-element_type=\"widget\" data-widget_type=\"icon-list.default\">\n\t\t\t\t<div class=\"elementor-widget-container\">\n\t\t\t\t\t\t\t<ul class=\"elementor-icon-list-items\">\n\t\t\t\t\t\t\t<li class=\"elementor-icon-list-item\">\n\t\t\t\t\t\t\t\t\t\t\t<a href=\"#faq1\">\n\n\t\t\t\t\t\t\t\t\t\t\t<span class=\"elementor-icon-list-text\">Should I book before coming?<\/span>\n\t\t\t\t\t\t\t\t\t\t\t<\/a>\n\t\t\t\t\t\t\t\t\t<\/li>\n\t\t\t\t\t\t\t\t<li class=\"elementor-icon-list-item\">\n\t\t\t\t\t\t\t\t\t\t\t<a href=\"#faq2\">\n\n\t\t\t\t\t\t\t\t\t\t\t<span class=\"elementor-icon-list-text\">How long does the visit last?<\/span>\n\t\t\t\t\t\t\t\t\t\t\t<\/a>\n\t\t\t\t\t\t\t\t\t<\/li>\n\t\t\t\t\t\t\t\t<li class=\"elementor-icon-list-item\">\n\t\t\t\t\t\t\t\t\t\t\t<a href=\"#faq3\">\n\n\t\t\t\t\t\t\t\t\t\t\t<span class=\"elementor-icon-list-text\">What audience is the exhibition intended for?<\/span>\n\t\t\t\t\t\t\t\t\t\t\t<\/a>\n\t\t\t\t\t\t\t\t\t<\/li>\n\t\t\t\t\t\t\t\t<li class=\"elementor-icon-list-item\">\n\t\t\t\t\t\t\t\t\t\t\t<a href=\"#faq4\">\n\n\t\t\t\t\t\t\t\t\t\t\t<span class=\"elementor-icon-list-text\">Is the exhibition the same every year?<\/span>\n\t\t\t\t\t\t\t\t\t\t\t<\/a>\n\t\t\t\t\t\t\t\t\t<\/li>\n\t\t\t\t\t\t\t\t<li class=\"elementor-icon-list-item\">\n\t\t\t\t\t\t\t\t\t\t\t<a href=\"#faq5\">\n\n\t\t\t\t\t\t\t\t\t\t\t<span class=\"elementor-icon-list-text\">Are the exhibits for sale?<\/span>\n\t\t\t\t\t\t\t\t\t\t\t<\/a>\n\t\t\t\t\t\t\t\t\t<\/li>\n\t\t\t\t\t\t\t\t<li class=\"elementor-icon-list-item\">\n\t\t\t\t\t\t\t\t\t\t\t<a href=\"#faq6\">\n\n\t\t\t\t\t\t\t\t\t\t\t<span class=\"elementor-icon-list-text\">Where can we park?<\/span>\n\t\t\t\t\t\t\t\t\t\t\t<\/a>\n\t\t\t\t\t\t\t\t\t<\/li>\n\t\t\t\t\t\t\t\t<li class=\"elementor-icon-list-item\">\n\t\t\t\t\t\t\t\t\t\t\t<a href=\"#faq7\">\n\n\t\t\t\t\t\t\t\t\t\t\t<span class=\"elementor-icon-list-text\">What to do in Saint-Cyprien-sur-Dourdou?<\/span>\n\t\t\t\t\t\t\t\t\t\t\t<\/a>\n\t\t\t\t\t\t\t\t\t<\/li>\n\t\t\t\t\t\t\t\t<li class=\"elementor-icon-list-item\">\n\t\t\t\t\t\t\t\t\t\t\t<a href=\"#faq8\">\n\n\t\t\t\t\t\t\t\t\t\t\t<span class=\"elementor-icon-list-text\">What to do in Conques?<\/span>\n\t\t\t\t\t\t\t\t\t\t\t<\/a>\n\t\t\t\t\t\t\t\t\t<\/li>\n\t\t\t\t\t\t\t\t<li class=\"elementor-icon-list-item\">\n\t\t\t\t\t\t\t\t\t\t\t<a href=\"#faq9\">\n\n\t\t\t\t\t\t\t\t\t\t\t<span class=\"elementor-icon-list-text\">What to do in Aveyron?<\/span>\n\t\t\t\t\t\t\t\t\t\t\t<\/a>\n\t\t\t\t\t\t\t\t\t<\/li>\n\t\t\t\t\t\t<\/ul>\n\t\t\t\t\t\t<\/div>\n\t\t\t\t<\/div>\n\t\t\t\t\t<\/div>\n\t\t\t\t<\/div>\n\t\t<div class=\"elementor-element elementor-element-fdc8fb9 e-flex e-con-boxed e-con e-parent\" data-id=\"fdc8fb9\" data-element_type=\"container\" data-settings=\"{&quot;background_background&quot;:&quot;classic&quot;}\">\n\t\t\t\t\t<div class=\"e-con-inner\">\n\t\t<div class=\"elementor-element elementor-element-1641eea e-con-full e-flex e-con e-child\" data-id=\"1641eea\" data-element_type=\"container\" id=\"faq1\">\n\t\t\t\t<div class=\"elementor-element elementor-element-ec8b496 elementor-widget elementor-widget-heading\" data-id=\"ec8b496\" data-element_type=\"widget\" data-widget_type=\"heading.default\">\n\t\t\t\t<div class=\"elementor-widget-container\">\n\t\t\t\t\t<h2 class=\"elementor-heading-title elementor-size-default\">\nShould I book before coming?<\/h2>\t\t\t\t<\/div>\n\t\t\t\t<\/div>\n\t\t\t\t<div class=\"elementor-element elementor-element-fd73cf0 elementor-widget elementor-widget-text-editor\" data-id=\"fd73cf0\" data-element_type=\"widget\" data-widget_type=\"text-editor.default\">\n\t\t\t\t<div class=\"elementor-widget-container\">\n\t\t\t\t\t\t\t\t\t<p><span class=\"wixui-rich-text__text\">&#8211; <strong>from July 4 to August 28, 2023<\/strong> :\u00a0<\/span>you can come whenever you want, without booking, from Tuesday to Sunday, from 10 a.m. to 12:30 p.m. and from 2 p.m. to 6:30 p.m.<br class=\"wixui-rich-text__text\" \/><span class=\"wixui-rich-text__text\">&#8211;<strong> outside this period<\/strong><\/span>\u00a0it is essential to arrange an appointment with us. It is best to do this at least a day before, but you can also contact us just before coming: if we are available, we will gladly welcome you. Please note that tours by reservation are not guided tours: they are tours where you can walk around freely in the building which is specially open to you. Find our conditions and prices in the\u00a0<span style=\"text-decoration: underline;\"><span class=\"wixui-rich-text__text\"><a class=\"wixui-rich-text__text\" href=\"https:\/\/www.peru-oryx-757525.hostingersite.com\/\" target=\"_self\" data-anchor=\"adi_page1001_1_117\">practical information.<\/a><\/span>.<\/span><\/p>\t\t\t\t\t\t\t\t<\/div>\n\t\t\t\t<\/div>\n\t\t\t\t<\/div>\n\t\t<div class=\"elementor-element elementor-element-442a64f e-con-full e-flex e-con e-child\" data-id=\"442a64f\" data-element_type=\"container\" id=\"faq2\">\n\t\t\t\t<div class=\"elementor-element elementor-element-71821c2 elementor-widget elementor-widget-heading\" data-id=\"71821c2\" data-element_type=\"widget\" data-widget_type=\"heading.default\">\n\t\t\t\t<div class=\"elementor-widget-container\">\n\t\t\t\t\t<h2 class=\"elementor-heading-title elementor-size-default\">How long does the visit last?<\/h2>\t\t\t\t<\/div>\n\t\t\t\t<\/div>\n\t\t\t\t<div class=\"elementor-element elementor-element-44c770e elementor-widget elementor-widget-text-editor\" data-id=\"44c770e\" data-element_type=\"widget\" data-widget_type=\"text-editor.default\">\n\t\t\t\t<div class=\"elementor-widget-container\">\n\t\t\t\t\t\t\t\t\t<p>The visit takes place through three houses grouped together and allows you to discover around forty creations in around ten rooms. Some visitors come out delighted, having done the tour in twenty minutes, while others stay there for more than an hour... Each at their own pace! In any case, we recommend that you come at least 30 minutes before closing time.<\/p>\t\t\t\t\t\t\t\t<\/div>\n\t\t\t\t<\/div>\n\t\t\t\t<\/div>\n\t\t<div class=\"elementor-element elementor-element-6cacd42 e-con-full e-flex e-con e-child\" data-id=\"6cacd42\" data-element_type=\"container\" id=\"faq3\">\n\t\t\t\t<div class=\"elementor-element elementor-element-1e19ad7 elementor-widget elementor-widget-heading\" data-id=\"1e19ad7\" data-element_type=\"widget\" data-widget_type=\"heading.default\">\n\t\t\t\t<div class=\"elementor-widget-container\">\n\t\t\t\t\t<h2 class=\"elementor-heading-title elementor-size-default\">Is the exhibition the same every year?<\/h2>\t\t\t\t<\/div>\n\t\t\t\t<\/div>\n\t\t\t\t<div class=\"elementor-element elementor-element-401da46 elementor-widget elementor-widget-text-editor\" data-id=\"401da46\" data-element_type=\"widget\" data-widget_type=\"text-editor.default\">\n\t\t\t\t<div class=\"elementor-widget-container\">\n\t\t\t\t\t\t\t\t\t<p class=\"translation-block\">Les Chambres de Lumi\u00e8re are intended for all audiences: there is no concept or artistic approach to understand in order to appreciate the exhibited works which seek above all to offer a magical walk. Whether through art, heritage or history, young and old alike, neophytes and connoisseurs almost all leave delighted to have discovered such an atypical place.\nOur only contraindication concerns people who cannot climb stairs because there are stairs throughout the building and unfortunately no access solution could be found for this public.<\/p>\t\t\t\t\t\t\t\t<\/div>\n\t\t\t\t<\/div>\n\t\t\t\t<\/div>\n\t\t<div class=\"elementor-element elementor-element-d6b99a2 e-con-full e-flex e-con e-child\" data-id=\"d6b99a2\" data-element_type=\"container\" id=\"faq4\">\n\t\t\t\t<div class=\"elementor-element elementor-element-7194efb elementor-widget elementor-widget-heading\" data-id=\"7194efb\" data-element_type=\"widget\" data-widget_type=\"heading.default\">\n\t\t\t\t<div class=\"elementor-widget-container\">\n\t\t\t\t\t<h2 class=\"elementor-heading-title elementor-size-default\">Is the exhibition the same every year?<\/h2>\t\t\t\t<\/div>\n\t\t\t\t<\/div>\n\t\t\t\t<div class=\"elementor-element elementor-element-de34e6f elementor-widget elementor-widget-text-editor\" data-id=\"de34e6f\" data-element_type=\"widget\" data-widget_type=\"text-editor.default\">\n\t\t\t\t<div class=\"elementor-widget-container\">\n\t\t\t\t\t\t\t\t\t<p>Les Chambres de Lumi\u00e8re function as a permanent exhibition. The scenography is therefore not intended to be modified but we try to improve or enrich it year after year. Our loyal visitors entrust us with their pleasure in coming back, both to approach the work they already know from a new angle and to discover the small improvements.\u00a0<\/p>\t\t\t\t\t\t\t\t<\/div>\n\t\t\t\t<\/div>\n\t\t\t\t<\/div>\n\t\t<div class=\"elementor-element elementor-element-3dccc02 e-con-full e-flex e-con e-child\" data-id=\"3dccc02\" data-element_type=\"container\" id=\"faq5\">\n\t\t\t\t<div class=\"elementor-element elementor-element-54bab4e elementor-widget elementor-widget-heading\" data-id=\"54bab4e\" data-element_type=\"widget\" data-widget_type=\"heading.default\">\n\t\t\t\t<div class=\"elementor-widget-container\">\n\t\t\t\t\t<h2 class=\"elementor-heading-title elementor-size-default\">Are the exhibits for sale?<\/h2>\t\t\t\t<\/div>\n\t\t\t\t<\/div>\n\t\t\t\t<div class=\"elementor-element elementor-element-a138759 elementor-widget elementor-widget-text-editor\" data-id=\"a138759\" data-element_type=\"widget\" data-widget_type=\"text-editor.default\">\n\t\t\t\t<div class=\"elementor-widget-container\">\n\t\t\t\t\t\t\t\t\t<p>None of the \"lumigraphies\" on display are for sale: these are emblematic pieces made between 2009 and 2019 which have been kept over time with the idea of presenting them to the public one day in a dedicated space. On the other hand, it is possible to have fun with the parts and articles sold in our shop at the end of the visit.<\/p>\t\t\t\t\t\t\t\t<\/div>\n\t\t\t\t<\/div>\n\t\t\t\t<\/div>\n\t\t<div class=\"elementor-element elementor-element-4253d60 e-con-full e-flex e-con e-child\" data-id=\"4253d60\" data-element_type=\"container\" id=\"faq6\">\n\t\t\t\t<div class=\"elementor-element elementor-element-b13731d elementor-widget elementor-widget-heading\" data-id=\"b13731d\" data-element_type=\"widget\" data-widget_type=\"heading.default\">\n\t\t\t\t<div class=\"elementor-widget-container\">\n\t\t\t\t\t<h2 class=\"elementor-heading-title elementor-size-default\">Where can we park?<\/h2>\t\t\t\t<\/div>\n\t\t\t\t<\/div>\n\t\t\t\t<div class=\"elementor-element elementor-element-929ff2c elementor-widget elementor-widget-text-editor\" data-id=\"929ff2c\" data-element_type=\"widget\" data-widget_type=\"text-editor.default\">\n\t\t\t\t<div class=\"elementor-widget-container\">\n\t\t\t\t\t\t\t\t\t<p>We remind you that Les Chambres de Lumi\u00e8re are not located in Conques but in the village of St-Cyprien (a group of municipalities gave them the common name of Conques-en-Rouergue). All car parks in Saint-Cyprien are free. If you want to linger in the village and are not afraid of steep streets, we recommend the R\u00e9gis car park, at the bottom of the village, which is large and has charging stations for electric cars. Otherwise, you can find a few places on the square just below the Chambers of Light as well as a little higher, below the church.<\/p>\t\t\t\t\t\t\t\t<\/div>\n\t\t\t\t<\/div>\n\t\t\t\t<\/div>\n\t\t<div class=\"elementor-element elementor-element-bbd8d01 e-con-full e-flex e-con e-child\" data-id=\"bbd8d01\" data-element_type=\"container\" id=\"faq7\">\n\t\t\t\t<div class=\"elementor-element elementor-element-ed38a2d elementor-widget elementor-widget-heading\" data-id=\"ed38a2d\" data-element_type=\"widget\" data-widget_type=\"heading.default\">\n\t\t\t\t<div class=\"elementor-widget-container\">\n\t\t\t\t\t<h2 class=\"elementor-heading-title elementor-size-default\">What to do in Saint-Cyprien-sur-Dourdou?<\/h2>\t\t\t\t<\/div>\n\t\t\t\t<\/div>\n\t\t\t\t<div class=\"elementor-element elementor-element-ca2dd73 elementor-widget elementor-widget-text-editor\" data-id=\"ca2dd73\" data-element_type=\"widget\" data-widget_type=\"text-editor.default\">\n\t\t\t\t<div class=\"elementor-widget-container\">\n\t\t\t\t\t\t\t\t\t<p>Saint-Cyprien a la particularit\u00e9 d&rsquo;avoir \u00e9t\u00e9 b\u00e2ti avec des pierres aux teintes rouges. Vous pouvez vous y balader et d\u00e9couvrir, en remontant vers l&rsquo;\u00e9glise, l&rsquo;ancien centre du village o\u00f9 se dresse une magnifique maison du XVe si\u00e8cle. Un puits \u00e9tonnant se trouve dans une rue voisine et selon la l\u00e9gende locale, toute personne qui boit de son eau multiplie ses chances de tomber malade \ud83d\ude09<br class=\"wixui-rich-text__text\" \/>Tous les commerces utiles sont pr\u00e9sents dans le village. Au rayon artisanat, n&rsquo;h\u00e9sitez pas \u00e0 pousser la porte de l&rsquo;atelier\u00a0<span style=\"text-decoration: underline;\"><span class=\"wixui-rich-text__text\"><a class=\"wixui-rich-text__text\" href=\"https:\/\/magalivermeersch12.wordpress.com\/\" target=\"_blank\" rel=\"noreferrer noopener\">O&rsquo;Ptits papiers<\/a><\/span>\u00a0<\/span>pour d\u00e9couvrir les cr\u00e9ations en papier de Magali Vermeersch.<br class=\"wixui-rich-text__text\" \/>Si vous souhaitez consacrer quelques heures \u00e0 la d\u00e9couverte des panoramas du vallon, une\u00a0<span style=\"text-decoration: underline;\"><span class=\"wixui-rich-text__text\"><a class=\"wixui-rich-text__text\" href=\"https:\/\/www.obike12.fr\/\" target=\"_blank\" rel=\"noreferrer noopener\">ballade en v\u00e9lo \u00e9lectrique<\/a><\/span><\/span>\u00a0vous est toute indiqu\u00e9e.<br class=\"wixui-rich-text__text\" \/>Enfin, si vous \u00eates plut\u00f4t \u00e0 la recherche de d\u00e9tente, une<span style=\"text-decoration: underline;\">\u00a0<span class=\"wixui-rich-text__text\"><a class=\"wixui-rich-text__text\" href=\"https:\/\/www.domainedumasnaut.fr\/accomodaties\/activities\/massage.html\" target=\"_blank\" rel=\"noreferrer noopener\">s\u00e9ance de massage<\/a><\/span>\u00a0<\/span>est aussi possible&#8230;<\/p>\t\t\t\t\t\t\t\t<\/div>\n\t\t\t\t<\/div>\n\t\t\t\t<\/div>\n\t\t<div class=\"elementor-element elementor-element-b9dbf0f e-con-full e-flex e-con e-child\" data-id=\"b9dbf0f\" data-element_type=\"container\" id=\"faq8\">\n\t\t\t\t<div class=\"elementor-element elementor-element-855ff5d elementor-widget elementor-widget-heading\" data-id=\"855ff5d\" data-element_type=\"widget\" data-widget_type=\"heading.default\">\n\t\t\t\t<div class=\"elementor-widget-container\">\n\t\t\t\t\t<h2 class=\"elementor-heading-title elementor-size-default\">What to do in Conques?<\/h2>\t\t\t\t<\/div>\n\t\t\t\t<\/div>\n\t\t\t\t<div class=\"elementor-element elementor-element-f386259 elementor-widget elementor-widget-text-editor\" data-id=\"f386259\" data-element_type=\"widget\" data-widget_type=\"text-editor.default\">\n\t\t\t\t<div class=\"elementor-widget-container\">\n\t\t\t\t\t\t\t\t\t<p class=\"translation-block\">The second unmissable stop in Aveyron is the village of Conques (the first being of course Les Chambres de Lumi\u00e8re!). On the hillside, it has crossed the centuries to offer us a real journey through time. Abbey, Chemin de St-Jacques, treasury, art... We are not going to detail here the many characteristics which have earned it the status of being one of the most beautiful villages in France, of having received the Ville et M\u00e9tiers d'Art label as well than being classified as a Grand Site Occitanie, we refer you to the site of the Tourist Office. But our personal advice is to admire it -also- from afar from the Bancarel site which overlooks the road which leads there (view access by clicking here).<\/p>\t\t\t\t\t\t\t\t<\/div>\n\t\t\t\t<\/div>\n\t\t\t\t<\/div>\n\t\t<div class=\"elementor-element elementor-element-f34e383 e-con-full e-flex e-con e-child\" data-id=\"f34e383\" data-element_type=\"container\" id=\"faq9\">\n\t\t\t\t<div class=\"elementor-element elementor-element-9b60b52 elementor-widget elementor-widget-heading\" data-id=\"9b60b52\" data-element_type=\"widget\" data-widget_type=\"heading.default\">\n\t\t\t\t<div class=\"elementor-widget-container\">\n\t\t\t\t\t<h2 class=\"elementor-heading-title elementor-size-default\">What to do in Aveyron?<\/h2>\t\t\t\t<\/div>\n\t\t\t\t<\/div>\n\t\t\t\t<div class=\"elementor-element elementor-element-a095f59 elementor-widget elementor-widget-text-editor\" data-id=\"a095f59\" data-element_type=\"widget\" data-widget_type=\"text-editor.default\">\n\t\t\t\t<div class=\"elementor-widget-container\">\n\t\t\t\t\t\t\t\t\t<p>The Aveyron is vast and has many sites to visit and very varied activities. Quite arbitrarily, we suggest a selection of sites to see in a circuit north of Rodez. Art, heritage, local curiosity, point of view... Each place noted on the map below has a particular interest. Be careful, the lines represent roads that can be (very) winding...<\/p>\t\t\t\t\t\t\t\t<\/div>\n\t\t\t\t<\/div>\n\t\t\t\t<div class=\"elementor-element elementor-element-a450c2e elementor-widget elementor-widget-image\" data-id=\"a450c2e\" data-element_type=\"widget\" data-widget_type=\"image.default\">\n\t\t\t\t<div class=\"elementor-widget-container\">\n\t\t\t\t\t\t\t\t\t\t\t\t\t\t\t<img fetchpriority=\"high\" decoding=\"async\" width=\"880\" height=\"500\" src=\"https:\/\/leschambresdelumiere.fr\/wp-content\/uploads\/2025\/12\/FAQ-Aveyron-1.avif\" class=\"attachment-large size-large wp-image-3555\" alt=\"\" srcset=\"https:\/\/leschambresdelumiere.fr\/wp-content\/uploads\/2025\/12\/FAQ-Aveyron-1.avif 880w, https:\/\/leschambresdelumiere.fr\/wp-content\/uploads\/2025\/12\/FAQ-Aveyron-1-300x170.avif 300w, https:\/\/leschambresdelumiere.fr\/wp-content\/uploads\/2025\/12\/FAQ-Aveyron-1-768x436.avif 768w, https:\/\/leschambresdelumiere.fr\/wp-content\/uploads\/2025\/12\/FAQ-Aveyron-1-18x10.avif 18w\" sizes=\"(max-width: 880px) 100vw, 880px\" \/>\t\t\t\t\t\t\t\t\t\t\t\t\t\t\t<\/div>\n\t\t\t\t<\/div>\n\t\t\t\t<\/div>\n\t\t\t\t\t<\/div>\n\t\t\t\t<\/div>\n\t\t\t\t<\/div>","protected":false},"excerpt":{"rendered":"<p>Foire aux questions Faut-il r\u00e9server avant de venir ? Combien de temps dure la visite ? A quel public est destin\u00e9e l&rsquo;exposition ? L&rsquo;exposition est-elle la m\u00eame chaque ann\u00e9e ? Les pi\u00e8ces expos\u00e9es sont-elles \u00e0 vendre ? O\u00f9 peut-on se garer ? Que faire \u00e0 Saint-Cyprien-sur-Dourdou ? Que faire \u00e0 Conques ? Que faire en [&hellip;]<\/p>","protected":false},"author":1,"featured_media":0,"parent":0,"menu_order":0,"comment_status":"closed","ping_status":"closed","template":"elementor_canvas","meta":{"site-sidebar-layout":"no-sidebar","site-content-layout":"page-builder","ast-site-content-layout":"full-width-container","site-content-style":"default","site-sidebar-style":"default","ast-global-header-display":"","ast-banner-title-visibility":"","ast-main-header-display":"","ast-hfb-above-header-display":"","ast-hfb-below-header-display":"","ast-hfb-mobile-header-display":"","site-post-title":"","ast-breadcrumbs-content":"","ast-featured-img":"disabled","footer-sml-layout":"","ast-disable-related-posts":"","theme-transparent-header-meta":"","adv-header-id-meta":"","stick-header-meta":"","header-above-stick-meta":"","header-main-stick-meta":"","header-below-stick-meta":"","astra-migrate-meta-layouts":"set","ast-page-background-enabled":"default","ast-page-background-meta":{"desktop":{"background-color":"var(--ast-global-color-4)","background-image":"","background-repeat":"repeat","background-position":"center center","background-size":"auto","background-attachment":"scroll","background-type":"","background-media":"","overlay-type":"","overlay-color":"","overlay-opacity":"","overlay-gradient":""},"tablet":{"background-color":"","background-image":"","background-repeat":"repeat","background-position":"center center","background-size":"auto","background-attachment":"scroll","background-type":"","background-media":"","overlay-type":"","overlay-color":"","overlay-opacity":"","overlay-gradient":""},"mobile":{"background-color":"","background-image":"","background-repeat":"repeat","background-position":"center center","background-size":"auto","background-attachment":"scroll","background-type":"","background-media":"","overlay-type":"","overlay-color":"","overlay-opacity":"","overlay-gradient":""}},"ast-content-background-meta":{"desktop":{"background-color":"var(--ast-global-color-5)","background-image":"","background-repeat":"repeat","background-position":"center center","background-size":"auto","background-attachment":"scroll","background-type":"","background-media":"","overlay-type":"","overlay-color":"","overlay-opacity":"","overlay-gradient":""},"tablet":{"background-color":"var(--ast-global-color-5)","background-image":"","background-repeat":"repeat","background-position":"center center","background-size":"auto","background-attachment":"scroll","background-type":"","background-media":"","overlay-type":"","overlay-color":"","overlay-opacity":"","overlay-gradient":""},"mobile":{"background-color":"var(--ast-global-color-5)","background-image":"","background-repeat":"repeat","background-position":"center center","background-size":"auto","background-attachment":"scroll","background-type":"","background-media":"","overlay-type":"","overlay-color":"","overlay-opacity":"","overlay-gradient":""}},"footnotes":""},"class_list":["post-3530","page","type-page","status-publish","hentry"],"_links":{"self":[{"href":"https:\/\/leschambresdelumiere.fr\/en\/wp-json\/wp\/v2\/pages\/3530","targetHints":{"allow":["GET"]}}],"collection":[{"href":"https:\/\/leschambresdelumiere.fr\/en\/wp-json\/wp\/v2\/pages"}],"about":[{"href":"https:\/\/leschambresdelumiere.fr\/en\/wp-json\/wp\/v2\/types\/page"}],"author":[{"embeddable":true,"href":"https:\/\/leschambresdelumiere.fr\/en\/wp-json\/wp\/v2\/users\/1"}],"replies":[{"embeddable":true,"href":"https:\/\/leschambresdelumiere.fr\/en\/wp-json\/wp\/v2\/comments?post=3530"}],"version-history":[{"count":37,"href":"https:\/\/leschambresdelumiere.fr\/en\/wp-json\/wp\/v2\/pages\/3530\/revisions"}],"predecessor-version":[{"id":3682,"href":"https:\/\/leschambresdelumiere.fr\/en\/wp-json\/wp\/v2\/pages\/3530\/revisions\/3682"}],"wp:attachment":[{"href":"https:\/\/leschambresdelumiere.fr\/en\/wp-json\/wp\/v2\/media?parent=3530"}],"curies":[{"name":"wp","href":"https:\/\/api.w.org\/{rel}","templated":true}]}}